{"id":10,"date":"2023-04-19T18:06:29","date_gmt":"2023-04-19T16:06:29","guid":{"rendered":"https:\/\/tus-harburg.de\/?page_id=10"},"modified":"2025-11-06T14:32:29","modified_gmt":"2025-11-06T12:32:29","slug":"du-hast-die-wahl-welcher-sport-ist-der-richtige-fuer-dich","status":"publish","type":"page","link":"https:\/\/tus-harburg.de\/","title":{"rendered":"Willkommen beim TuS Harburg e. V."},"content":{"rendered":"\n<p class=\"has-medium-font-size\">Du hast die Wahl&#8230; welcher Sport ist der Richtige f\u00fcr Dich?<\/p>\n\n\n\n<div class=\"wp-block-group\"><div class=\"wp-block-group__inner-container is-layout-constrained wp-block-group-is-layout-constrained\">\n<p class=\"has-small-font-size\">Der Turn- und Schwimmverein Harburg\/Wilhelmsburg von 1894 e.V. ist ein vielseitiger Sportverein mit Fokus auf Gesundheitssport. Mit Abteilungen wie Aqua-Fitness, Kinderparkour und Wellness bieten wir langfristige Gesundheitsf\u00f6rderung. Unser motiviertes Team aus festen Mitarbeitern, Trainern und engagierten Eltern unterst\u00fctzt dich bei Fragen. Unsere neue Homepage w\u00e4chst stetig \u2013 sei dabei und entdecke deine Lieblingsabteilung. Wir freuen uns auf deinen Besuch!<br><\/p>\n\n\n\n<p class=\"has-small-font-size\">Dein TuS Harburg Team<\/p>\n\n\n\n<p class=\"has-small-font-size\"><\/p>\n\n\n\n<div class=\"wp-block-columns has-small-font-size is-layout-flex wp-container-core-columns-is-layout-9d6595d7 wp-block-columns-is-layout-flex\">\n<div class=\"wp-block-column is-layout-flow wp-block-column-is-layout-flow\">\n<figure class=\"wp-block-image size-medium\"><a href=\"https:\/\/tus-harburg.de\/?page_id=61\"><img data-recalc-dims=\"1\" loading=\"lazy\" decoding=\"async\" width=\"300\" height=\"258\" src=\"https:\/\/i0.wp.com\/tus-harburg.de\/wp-content\/uploads\/Aqua-Fitness-HP.png?resize=300%2C258&#038;ssl=1\" alt=\"\" class=\"wp-image-1030\" srcset=\"https:\/\/i0.wp.com\/tus-harburg.de\/wp-content\/uploads\/Aqua-Fitness-HP.png?resize=300%2C258&amp;ssl=1 300w, https:\/\/i0.wp.com\/tus-harburg.de\/wp-content\/uploads\/Aqua-Fitness-HP.png?w=756&amp;ssl=1 756w\" sizes=\"auto, (max-width: 300px) 100vw, 300px\" \/><\/a><\/figure>\n<\/div>\n\n\n\n<div class=\"wp-block-column is-layout-flow wp-block-column-is-layout-flow\">\n<figure class=\"wp-block-image size-medium\"><a href=\"https:\/\/tus-harburg.de\/?page_id=63\"><img data-recalc-dims=\"1\" loading=\"lazy\" decoding=\"async\" width=\"300\" height=\"258\" src=\"https:\/\/i0.wp.com\/tus-harburg.de\/wp-content\/uploads\/Rehabilitationssport-Funktionstraining-HP.png?resize=300%2C258&#038;ssl=1\" alt=\"\" class=\"wp-image-1031\" srcset=\"https:\/\/i0.wp.com\/tus-harburg.de\/wp-content\/uploads\/Rehabilitationssport-Funktionstraining-HP.png?resize=300%2C258&amp;ssl=1 300w, https:\/\/i0.wp.com\/tus-harburg.de\/wp-content\/uploads\/Rehabilitationssport-Funktionstraining-HP.png?w=755&amp;ssl=1 755w\" sizes=\"auto, (max-width: 300px) 100vw, 300px\" \/><\/a><\/figure>\n<\/div>\n\n\n\n<div class=\"wp-block-column is-vertically-aligned-top is-layout-flow wp-block-column-is-layout-flow\">\n<figure class=\"wp-block-image size-medium\"><a href=\"https:\/\/www.schwimmschule-tus-harburg.de\"><img data-recalc-dims=\"1\" loading=\"lazy\" decoding=\"async\" width=\"300\" height=\"257\" src=\"https:\/\/i0.wp.com\/tus-harburg.de\/wp-content\/uploads\/Kinderschwimmausbildung-HP-3.png?resize=300%2C257&#038;ssl=1\" alt=\"\" class=\"wp-image-1028\" srcset=\"https:\/\/i0.wp.com\/tus-harburg.de\/wp-content\/uploads\/Kinderschwimmausbildung-HP-3.png?resize=300%2C257&amp;ssl=1 300w, https:\/\/i0.wp.com\/tus-harburg.de\/wp-content\/uploads\/Kinderschwimmausbildung-HP-3.png?w=757&amp;ssl=1 757w\" sizes=\"auto, (max-width: 300px) 100vw, 300px\" \/><\/a><\/figure>\n<\/div>\n<\/div>\n\n\n\n<p><\/p>\n\n\n\n<div class=\"wp-block-columns alignfull is-layout-flex wp-container-core-columns-is-layout-9d6595d7 wp-block-columns-is-layout-flex\">\n<div class=\"wp-block-column is-layout-flow wp-block-column-is-layout-flow\">\n<figure class=\"wp-block-image size-medium\"><a href=\"https:\/\/tus-harburg.de\/?page_id=67\"><img data-recalc-dims=\"1\" loading=\"lazy\" decoding=\"async\" width=\"300\" height=\"259\" src=\"https:\/\/i0.wp.com\/tus-harburg.de\/wp-content\/uploads\/Fitness-HP.png?resize=300%2C259&#038;ssl=1\" alt=\"\" class=\"wp-image-1001\" srcset=\"https:\/\/i0.wp.com\/tus-harburg.de\/wp-content\/uploads\/Fitness-HP.png?resize=300%2C259&amp;ssl=1 300w, https:\/\/i0.wp.com\/tus-harburg.de\/wp-content\/uploads\/Fitness-HP.png?w=754&amp;ssl=1 754w\" sizes=\"auto, (max-width: 300px) 100vw, 300px\" \/><\/a><\/figure>\n<\/div>\n\n\n\n<div class=\"wp-block-column is-layout-flow wp-block-column-is-layout-flow\">\n<figure class=\"wp-block-image size-medium\"><a href=\"https:\/\/tus-harburg.de\/?page_id=69\"><img data-recalc-dims=\"1\" loading=\"lazy\" decoding=\"async\" width=\"300\" height=\"259\" src=\"https:\/\/i0.wp.com\/tus-harburg.de\/wp-content\/uploads\/Gruppenkurse-HP.png?resize=300%2C259&#038;ssl=1\" alt=\"\" class=\"wp-image-1004\" srcset=\"https:\/\/i0.wp.com\/tus-harburg.de\/wp-content\/uploads\/Gruppenkurse-HP.png?resize=300%2C259&amp;ssl=1 300w, https:\/\/i0.wp.com\/tus-harburg.de\/wp-content\/uploads\/Gruppenkurse-HP.png?w=755&amp;ssl=1 755w\" sizes=\"auto, (max-width: 300px) 100vw, 300px\" \/><\/a><\/figure>\n<\/div>\n\n\n\n<div class=\"wp-block-column is-layout-flow wp-block-column-is-layout-flow\">\n<figure class=\"wp-block-image size-medium\"><a href=\"https:\/\/tus-harburg.de\/?page_id=71\"><img data-recalc-dims=\"1\" loading=\"lazy\" decoding=\"async\" width=\"300\" height=\"258\" src=\"https:\/\/i0.wp.com\/tus-harburg.de\/wp-content\/uploads\/3-Feld-Tennishalle-Langzeitturnier.png?resize=300%2C258&#038;ssl=1\" alt=\"\" class=\"wp-image-1006\" srcset=\"https:\/\/i0.wp.com\/tus-harburg.de\/wp-content\/uploads\/3-Feld-Tennishalle-Langzeitturnier.png?resize=300%2C258&amp;ssl=1 300w, https:\/\/i0.wp.com\/tus-harburg.de\/wp-content\/uploads\/3-Feld-Tennishalle-Langzeitturnier.png?w=758&amp;ssl=1 758w\" sizes=\"auto, (max-width: 300px) 100vw, 300px\" \/><\/a><\/figure>\n<\/div>\n<\/div>\n\n\n\n<div class=\"wp-block-columns is-layout-flex wp-container-core-columns-is-layout-9d6595d7 wp-block-columns-is-layout-flex\">\n<div class=\"wp-block-column is-layout-flow wp-block-column-is-layout-flow\">\n<figure class=\"wp-block-image size-medium is-resized\"><a href=\"https:\/\/tus-harburg.de\/?page_id=73\"><img data-recalc-dims=\"1\" loading=\"lazy\" decoding=\"async\" width=\"300\" height=\"258\" src=\"https:\/\/i0.wp.com\/tus-harburg.de\/wp-content\/uploads\/Kinderparkour.png?resize=300%2C258&#038;ssl=1\" alt=\"\" class=\"wp-image-1008\" style=\"width:300px;height:auto\" srcset=\"https:\/\/i0.wp.com\/tus-harburg.de\/wp-content\/uploads\/Kinderparkour.png?resize=300%2C258&amp;ssl=1 300w, https:\/\/i0.wp.com\/tus-harburg.de\/wp-content\/uploads\/Kinderparkour.png?w=755&amp;ssl=1 755w\" sizes=\"auto, (max-width: 300px) 100vw, 300px\" \/><\/a><\/figure>\n<\/div>\n\n\n\n<div class=\"wp-block-column is-layout-flow wp-block-column-is-layout-flow\">\n<figure class=\"wp-block-image size-medium\"><a href=\"https:\/\/tus-harburg.de\/?page_id=75\"><img data-recalc-dims=\"1\" loading=\"lazy\" decoding=\"async\" width=\"300\" height=\"258\" src=\"https:\/\/i0.wp.com\/tus-harburg.de\/wp-content\/uploads\/Schwimmabteilung_neu.jpeg?resize=300%2C258&#038;ssl=1\" alt=\"\" class=\"wp-image-952\" srcset=\"https:\/\/i0.wp.com\/tus-harburg.de\/wp-content\/uploads\/Schwimmabteilung_neu.jpeg?resize=300%2C258&amp;ssl=1 300w, https:\/\/i0.wp.com\/tus-harburg.de\/wp-content\/uploads\/Schwimmabteilung_neu.jpeg?w=753&amp;ssl=1 753w\" sizes=\"auto, (max-width: 300px) 100vw, 300px\" \/><\/a><\/figure>\n<\/div>\n\n\n\n<div class=\"wp-block-column is-layout-flow wp-block-column-is-layout-flow\">\n<figure class=\"wp-block-image size-medium\"><a href=\"https:\/\/tus-harburg.de\/?page_id=79\"><img data-recalc-dims=\"1\" loading=\"lazy\" decoding=\"async\" width=\"300\" height=\"258\" src=\"https:\/\/i0.wp.com\/tus-harburg.de\/wp-content\/uploads\/Handball-HP.png?resize=300%2C258&#038;ssl=1\" alt=\"\" class=\"wp-image-1012\" srcset=\"https:\/\/i0.wp.com\/tus-harburg.de\/wp-content\/uploads\/Handball-HP.png?resize=300%2C258&amp;ssl=1 300w, https:\/\/i0.wp.com\/tus-harburg.de\/wp-content\/uploads\/Handball-HP.png?w=754&amp;ssl=1 754w\" sizes=\"auto, (max-width: 300px) 100vw, 300px\" \/><\/a><\/figure>\n<\/div>\n<\/div>\n\n\n\n<p><\/p>\n\n\n\n<div class=\"wp-block-columns alignfull is-layout-flex wp-container-core-columns-is-layout-9d6595d7 wp-block-columns-is-layout-flex\">\n<div class=\"wp-block-column is-layout-flow wp-block-column-is-layout-flow\">\n<figure class=\"wp-block-image size-medium\"><a href=\"https:\/\/tus-harburg.de\/?page_id=85\"><img data-recalc-dims=\"1\" loading=\"lazy\" decoding=\"async\" width=\"300\" height=\"260\" src=\"https:\/\/i0.wp.com\/tus-harburg.de\/wp-content\/uploads\/Sauna-Wellnesslandschaft.png?resize=300%2C260&#038;ssl=1\" alt=\"\" class=\"wp-image-1018\" srcset=\"https:\/\/i0.wp.com\/tus-harburg.de\/wp-content\/uploads\/Sauna-Wellnesslandschaft.png?resize=300%2C260&amp;ssl=1 300w, https:\/\/i0.wp.com\/tus-harburg.de\/wp-content\/uploads\/Sauna-Wellnesslandschaft.png?w=755&amp;ssl=1 755w\" sizes=\"auto, (max-width: 300px) 100vw, 300px\" \/><\/a><\/figure>\n<\/div>\n\n\n\n<div class=\"wp-block-column is-layout-flow wp-block-column-is-layout-flow\">\n<figure class=\"wp-block-image size-medium\"><a href=\"https:\/\/tus-harburg.de\/?page_id=83\"><img data-recalc-dims=\"1\" loading=\"lazy\" decoding=\"async\" width=\"300\" height=\"259\" src=\"https:\/\/i0.wp.com\/tus-harburg.de\/wp-content\/uploads\/Gastronomie-Freistil-HP.png?resize=300%2C259&#038;ssl=1\" alt=\"\" class=\"wp-image-1016\" srcset=\"https:\/\/i0.wp.com\/tus-harburg.de\/wp-content\/uploads\/Gastronomie-Freistil-HP.png?resize=300%2C259&amp;ssl=1 300w, https:\/\/i0.wp.com\/tus-harburg.de\/wp-content\/uploads\/Gastronomie-Freistil-HP.png?w=755&amp;ssl=1 755w\" sizes=\"auto, (max-width: 300px) 100vw, 300px\" \/><\/a><\/figure>\n<\/div>\n\n\n\n<div class=\"wp-block-column is-layout-flow wp-block-column-is-layout-flow\">\n<figure class=\"wp-block-image size-medium\"><a href=\"https:\/\/tus-harburg.de\/?page_id=81\"><img data-recalc-dims=\"1\" loading=\"lazy\" decoding=\"async\" width=\"300\" height=\"257\" src=\"https:\/\/i0.wp.com\/tus-harburg.de\/wp-content\/uploads\/Dart.png?resize=300%2C257&#038;ssl=1\" alt=\"\" class=\"wp-image-1014\" srcset=\"https:\/\/i0.wp.com\/tus-harburg.de\/wp-content\/uploads\/Dart.png?resize=300%2C257&amp;ssl=1 300w, https:\/\/i0.wp.com\/tus-harburg.de\/wp-content\/uploads\/Dart.png?w=759&amp;ssl=1 759w\" sizes=\"auto, (max-width: 300px) 100vw, 300px\" \/><\/a><\/figure>\n<\/div>\n<\/div>\n<\/div><\/div>\n\n\n\n<p><\/p>\n\n\n\n<div class=\"wp-block-group\"><div class=\"wp-block-group__inner-container is-layout-constrained wp-block-group-is-layout-constrained\">\n<div class=\"wp-block-columns is-layout-flex wp-container-core-columns-is-layout-9d6595d7 wp-block-columns-is-layout-flex\">\n<div class=\"wp-block-column is-layout-flow wp-block-column-is-layout-flow\"><\/div>\n\n\n\n<div class=\"wp-block-column is-layout-flow wp-block-column-is-layout-flow\"><\/div>\n\n\n\n<div class=\"wp-block-column is-layout-flow wp-block-column-is-layout-flow\"><\/div>\n<\/div>\n<\/div><\/div>\n\n\n\n<p><\/p>\n","protected":false},"excerpt":{"rendered":"<p>Du hast die Wahl&#8230; welcher Sport ist der Richtige f\u00fcr Dich? Der Turn- und Schwimmverein Harburg\/Wilhelmsburg von 1894 e.V. ist ein vielseitiger Sportverein mit Fokus auf Gesundheitssport. Mit Abteilungen wie [&hellip;]<\/p>\n","protected":false},"author":1,"featured_media":0,"parent":0,"menu_order":0,"comment_status":"closed","ping_status":"closed","template":"","meta":{"footnotes":""},"class_list":["post-10","page","type-page","status-publish","hentry"],"jetpack-related-posts":[],"jetpack_sharing_enabled":true,"_links":{"self":[{"href":"https:\/\/tus-harburg.de\/index.php?rest_route=\/wp\/v2\/pages\/10","targetHints":{"allow":["GET"]}}],"collection":[{"href":"https:\/\/tus-harburg.de\/index.php?rest_route=\/wp\/v2\/pages"}],"about":[{"href":"https:\/\/tus-harburg.de\/index.php?rest_route=\/wp\/v2\/types\/page"}],"author":[{"embeddable":true,"href":"https:\/\/tus-harburg.de\/index.php?rest_route=\/wp\/v2\/users\/1"}],"replies":[{"embeddable":true,"href":"https:\/\/tus-harburg.de\/index.php?rest_route=%2Fwp%2Fv2%2Fcomments&post=10"}],"version-history":[{"count":191,"href":"https:\/\/tus-harburg.de\/index.php?rest_route=\/wp\/v2\/pages\/10\/revisions"}],"predecessor-version":[{"id":1813,"href":"https:\/\/tus-harburg.de\/index.php?rest_route=\/wp\/v2\/pages\/10\/revisions\/1813"}],"wp:attachment":[{"href":"https:\/\/tus-harburg.de\/index.php?rest_route=%2Fwp%2Fv2%2Fmedia&parent=10"}],"curies":[{"name":"wp","href":"https:\/\/api.w.org\/{rel}","templated":true}]}}