{"id":1297,"date":"2024-04-17T17:18:49","date_gmt":"2024-04-17T15:18:49","guid":{"rendered":"https:\/\/tus-harburg.de\/?page_id=1297"},"modified":"2025-01-14T13:05:03","modified_gmt":"2025-01-14T11:05:03","slug":"kinder-und-jugendschutz","status":"publish","type":"page","link":"https:\/\/tus-harburg.de\/?page_id=1297","title":{"rendered":"Kinder und Jugendschutz"},"content":{"rendered":"\n<p style=\"font-size:13px\">Der Schutz unserer Mitglieder und gerade unserer Kinder und Jugendlichen ist uns sehr wichtig. Damit sich alle Kinder und Jugendlichen beim TuS Harburg sicher und gesch\u00e4tzt f\u00fchlen, gehen wir pr\u00e4ventiv vor und handeln bevor etwas passiert. <br>Unsere Mitarbeiter, Freiberufler und \u00dcbungsleiter werden f\u00fcr die Bereiche:<br>&#8211; Pr\u00e4vention sexualisierte Gewalt<br>&#8211; Pr\u00e4vention vor k\u00f6rperlicher Gewalt<br>&#8211; Pr\u00e4vention vor psychischer Gewalt<br>sensibilisiert und haben einen Handlungsleitfaden, sollten sie Vorf\u00e4lle erkennen. <br><br>Trotz aller Schutzma\u00dfnahmen kann es immer Situationen geben, in denen Kinder, Jugendliche, Eltern Redebedarf haben und sich vielleicht nicht sicher sind, wie sie mit dieser Situation umgehen sollen. In diesem Falle gibt es unseren Beauftragten f\u00fcr die &#8222;Pr\u00e4vention sexualiserte Gewalt&#8220; (PSG-Beauftragter). Als geschulte und mit anderen Vereinen und Hilfseinrichtungen vernetzte Person steht er allen Mitgliedern und Eltern f\u00fcr Fragen, Sorgen oder \u00c4ngsten vertrauensvoll zur Verf\u00fcgung. <br><br>Ansprechperson<br>Name: Hartmut Wirl <br>Position beim TuS Harburg: Gesch\u00e4ftsf\u00fchrer<br>E-Mailadresse: management@tus-harburg.de<\/p>\n\n\n\n<p style=\"font-size:13px\"><br><br><\/p>\n","protected":false},"excerpt":{"rendered":"<p>Der Schutz unserer Mitglieder und gerade unserer Kinder und Jugendlichen ist uns sehr wichtig. Damit sich alle Kinder und Jugendlichen beim TuS Harburg sicher und gesch\u00e4tzt f\u00fchlen, gehen wir pr\u00e4ventiv [&hellip;]<\/p>\n","protected":false},"author":1,"featured_media":0,"parent":0,"menu_order":0,"comment_status":"closed","ping_status":"closed","template":"","meta":{"footnotes":""},"class_list":["post-1297","page","type-page","status-publish","hentry"],"jetpack-related-posts":[],"jetpack_sharing_enabled":true,"_links":{"self":[{"href":"https:\/\/tus-harburg.de\/index.php?rest_route=\/wp\/v2\/pages\/1297","targetHints":{"allow":["GET"]}}],"collection":[{"href":"https:\/\/tus-harburg.de\/index.php?rest_route=\/wp\/v2\/pages"}],"about":[{"href":"https:\/\/tus-harburg.de\/index.php?rest_route=\/wp\/v2\/types\/page"}],"author":[{"embeddable":true,"href":"https:\/\/tus-harburg.de\/index.php?rest_route=\/wp\/v2\/users\/1"}],"replies":[{"embeddable":true,"href":"https:\/\/tus-harburg.de\/index.php?rest_route=%2Fwp%2Fv2%2Fcomments&post=1297"}],"version-history":[{"count":9,"href":"https:\/\/tus-harburg.de\/index.php?rest_route=\/wp\/v2\/pages\/1297\/revisions"}],"predecessor-version":[{"id":1540,"href":"https:\/\/tus-harburg.de\/index.php?rest_route=\/wp\/v2\/pages\/1297\/revisions\/1540"}],"wp:attachment":[{"href":"https:\/\/tus-harburg.de\/index.php?rest_route=%2Fwp%2Fv2%2Fmedia&parent=1297"}],"curies":[{"name":"wp","href":"https:\/\/api.w.org\/{rel}","templated":true}]}}