{"id":275,"date":"2023-04-20T16:32:29","date_gmt":"2023-04-20T14:32:29","guid":{"rendered":"https:\/\/tus-harburg.de\/?page_id=275"},"modified":"2025-10-28T18:27:15","modified_gmt":"2025-10-28T16:27:15","slug":"informationen-fuer-jahres-und-saisonbucher","status":"publish","type":"page","link":"https:\/\/tus-harburg.de\/?page_id=275","title":{"rendered":"Informationen f\u00fcr Saisonbucher"},"content":{"rendered":"\n<p>Im Folgenden findest Du die Unterlagen f\u00fcr eine Saisonbuchung in unserer Tennishalle.<br>Die Wintersaison l\u00e4uft vom 01.09.2025 bis zum 30.04.2026. Gerne ber\u00fccksichtigen wir Deine individuellen Zeitw\u00fcnsche. Der Mindestbuchungszeitraum betr\u00e4gt 6 Monate.<br>F\u00fcr Fragen stehen wir Dir unter <a href=\"mailto:office@tus-harburg.de\">office@tus-harburg.de<\/a> gern zur Verf\u00fcgung.<br><br><a href=\"https:\/\/tus-harburg.de\/wp-content\/uploads\/Buchungsanfrage.pdf\">Vordruck Buchungsanfrage<\/a><br><br><a href=\"https:\/\/tus-harburg.de\/wp-content\/uploads\/Preisliste-2025-26.pdf\">Preisliste Tennissaison 2025\/2026<\/a><br><br><a href=\"https:\/\/tus-harburg.de\/wp-content\/uploads\/2023\/05\/Hinweise-2023-2024.pdf\">Hallenregeln<\/a><\/p>\n","protected":false},"excerpt":{"rendered":"<p>Im Folgenden findest Du die Unterlagen f\u00fcr eine Saisonbuchung in unserer Tennishalle.Die Wintersaison l\u00e4uft vom 01.09.2025 bis zum 30.04.2026. Gerne ber\u00fccksichtigen wir Deine individuellen Zeitw\u00fcnsche. Der Mindestbuchungszeitraum betr\u00e4gt 6 Monate.F\u00fcr [&hellip;]<\/p>\n","protected":false},"author":1,"featured_media":0,"parent":0,"menu_order":0,"comment_status":"closed","ping_status":"closed","template":"","meta":{"footnotes":""},"class_list":["post-275","page","type-page","status-publish","hentry"],"jetpack-related-posts":[],"jetpack_sharing_enabled":true,"_links":{"self":[{"href":"https:\/\/tus-harburg.de\/index.php?rest_route=\/wp\/v2\/pages\/275","targetHints":{"allow":["GET"]}}],"collection":[{"href":"https:\/\/tus-harburg.de\/index.php?rest_route=\/wp\/v2\/pages"}],"about":[{"href":"https:\/\/tus-harburg.de\/index.php?rest_route=\/wp\/v2\/types\/page"}],"author":[{"embeddable":true,"href":"https:\/\/tus-harburg.de\/index.php?rest_route=\/wp\/v2\/users\/1"}],"replies":[{"embeddable":true,"href":"https:\/\/tus-harburg.de\/index.php?rest_route=%2Fwp%2Fv2%2Fcomments&post=275"}],"version-history":[{"count":10,"href":"https:\/\/tus-harburg.de\/index.php?rest_route=\/wp\/v2\/pages\/275\/revisions"}],"predecessor-version":[{"id":1791,"href":"https:\/\/tus-harburg.de\/index.php?rest_route=\/wp\/v2\/pages\/275\/revisions\/1791"}],"wp:attachment":[{"href":"https:\/\/tus-harburg.de\/index.php?rest_route=%2Fwp%2Fv2%2Fmedia&parent=275"}],"curies":[{"name":"wp","href":"https:\/\/api.w.org\/{rel}","templated":true}]}}