{"id":404,"date":"2023-04-25T14:33:04","date_gmt":"2023-04-25T12:33:04","guid":{"rendered":"https:\/\/tus-harburg.de\/?page_id=404"},"modified":"2025-09-08T14:01:02","modified_gmt":"2025-09-08T12:01:02","slug":"404-2","status":"publish","type":"page","link":"https:\/\/tus-harburg.de\/?page_id=404","title":{"rendered":"Impressum"},"content":{"rendered":"\n<p class=\"has-small-font-size\">Angaben gem\u00e4\u00df \u00a7 5 TMG<br>Turn- und Schwimmverein Harburg\/Wilhelmsburg v. 1894 e. V.<br>Bostelbeker Damm 2<br>21079 Hamburg<br>Vereinsregister: VR 5582<br>Registergericht: Amtsgericht Hamburg<br>Vertreten durch:<br>Hartmut Wegert (Einzelvorstand)<br>Kontakt<br>Telefon: +49 (0) 40\/790 166 13<br>Telefax: +49 (0) 40\/790 166 20<br>E-Mail: info@tus-harburg.de<br>Umsatzsteuer-ID<br>Umsatzsteuer-Identifikationsnummer gem\u00e4\u00df \u00a7 27 a Umsatzsteuergesetz:<br>DE17\/4405269<br><br>Redaktionell verantwortlich<br>Hartmut Wegert <br>Bostelbeker Damm 2<br>21079 Hamburg<br>Verbraucherstreitbeilegung\/Universalschlichtungsstelle<br>Wir sind nicht bereit oder verpflichtet, an Streitbeilegungsverfahren vor einer<br>Verbraucherschlichtungsstelle teilzunehmen.<\/p>\n\n\n\n<p><\/p>\n\n\n\n<p class=\"has-small-font-size\">Liebe Mitglieder,<br>sehr geehrte Kunden,<br><br>wir verpflichten uns, die allgemeinen Sorgfalts- und Geheimhaltungspflichten im Zusammenhang mit der Erbringung unserer Dienstleitungen zu erf\u00fcllen.<br>Alle Informationen \u00fcber unsere Mitglieder, Kunden und Gesch\u00e4ftspartner und deren Mitarbeiter, die uns bei der Erbringung unserer Leistung bekannt werden, werden streng vertraulich behandelt.<br>Wir gew\u00e4hrleisten die Erf\u00fcllung und Einhaltung der datenschutzrechtlichen Grunds\u00e4tze und Anforderungen der Datenschutz Grundverordnung in unserem Sportverein. Wird im Rahmen der Leistung Informations- und Sicherheitstechnik oder der Zugang zu Auftragsmanagementsystemen (z.B. Vereinsverwaltung, etc.) zur Verf\u00fcgung gestellt, garantieren wir den datenschutzkonformen Umgang Ihrer personenbezogenen Daten durch unsere Mitarbeiter.<br>Unsere Mitarbeiter sind zur Geheimhaltung aller Informationen verpflichtet, die Ihnen im Zusammenhang mit \u00fcbernommenen Aufgaben bekannt werden und die nicht offenkundig sind. Dies gilt insbesondere f\u00fcr Informationen \u00fcber unsere Mitglieder und Kunden.<br>Unseren Mitarbeitern ist es untersagt, personenbezogene Daten im Rahmen der T\u00e4tigkeiten f\u00fcr unsere Mitglieder und Kunden zu erheben, zu verarbeiten, zu nutzen oder an Dritte zu \u00fcbermitteln, sofern diese Daten <strong>nicht zur Erbringung der Leistung erforderlich<\/strong> <strong>sind<\/strong> und diese Daten bewusst durch das Mitglied und Kunden unter Beachtung der Grunds\u00e4tze der Art. 5 und 6 der DSGVO zur Verf\u00fcgung gestellt werden.<br>Uns \u00fcberlassene Daten werden nach Beendigung des Gesch\u00e4ftsauftrages nach gesetzlichen Vorgaben gel\u00f6scht, soweit keine weiteren Rechtsgrundlagen dem entgegenstehen.<br><br>Hartmut Wirl<br>(Gesch\u00e4ftsf\u00fchrer)<\/p>\n","protected":false},"excerpt":{"rendered":"<p>Angaben gem\u00e4\u00df \u00a7 5 TMGTurn- und Schwimmverein Harburg\/Wilhelmsburg v. 1894 e. V.Bostelbeker Damm 221079 HamburgVereinsregister: VR 5582Registergericht: Amtsgericht HamburgVertreten durch:Hartmut Wegert (Einzelvorstand)KontaktTelefon: +49 (0) 40\/790 166 13Telefax: +49 (0) 40\/790 [&hellip;]<\/p>\n","protected":false},"author":1,"featured_media":0,"parent":0,"menu_order":0,"comment_status":"closed","ping_status":"closed","template":"","meta":{"footnotes":""},"class_list":["post-404","page","type-page","status-publish","hentry"],"jetpack-related-posts":[],"jetpack_sharing_enabled":true,"_links":{"self":[{"href":"https:\/\/tus-harburg.de\/index.php?rest_route=\/wp\/v2\/pages\/404","targetHints":{"allow":["GET"]}}],"collection":[{"href":"https:\/\/tus-harburg.de\/index.php?rest_route=\/wp\/v2\/pages"}],"about":[{"href":"https:\/\/tus-harburg.de\/index.php?rest_route=\/wp\/v2\/types\/page"}],"author":[{"embeddable":true,"href":"https:\/\/tus-harburg.de\/index.php?rest_route=\/wp\/v2\/users\/1"}],"replies":[{"embeddable":true,"href":"https:\/\/tus-harburg.de\/index.php?rest_route=%2Fwp%2Fv2%2Fcomments&post=404"}],"version-history":[{"count":6,"href":"https:\/\/tus-harburg.de\/index.php?rest_route=\/wp\/v2\/pages\/404\/revisions"}],"predecessor-version":[{"id":1711,"href":"https:\/\/tus-harburg.de\/index.php?rest_route=\/wp\/v2\/pages\/404\/revisions\/1711"}],"wp:attachment":[{"href":"https:\/\/tus-harburg.de\/index.php?rest_route=%2Fwp%2Fv2%2Fmedia&parent=404"}],"curies":[{"name":"wp","href":"https:\/\/api.w.org\/{rel}","templated":true}]}}