{"id":61,"date":"2023-04-19T20:54:00","date_gmt":"2023-04-19T18:54:00","guid":{"rendered":"https:\/\/tus-harburg.de\/?page_id=61"},"modified":"2025-08-26T08:00:46","modified_gmt":"2025-08-26T06:00:46","slug":"aqua-fitness","status":"publish","type":"page","link":"https:\/\/tus-harburg.de\/?page_id=61","title":{"rendered":"Aqua Fitness"},"content":{"rendered":"\n<p class=\"has-small-font-size\">Aqua-Fitness gewinnt immer mehr an Beliebtheit, da es vielf\u00e4ltige Trainingseffekte wie Ausdauer, Kraft, Koordination und Beweglichkeit f\u00f6rdert. Dies liegt an den physikalischen Eigenschaften des Wassers: Auftrieb, Widerstand, hydrostatischer Druck, Sog und Str\u00f6mung. Der Widerstand st\u00e4rkt die Muskulatur, w\u00e4hrend der Auftrieb den K\u00f6rper entlastet und Bewegungen unterst\u00fctzt. Besonders \u00fcbergewichtige Personen und Menschen mit Sportverletzungen profitieren davon. Der hydrostatische Druck f\u00f6rdert die Blutr\u00fcckf\u00fchrung zum Herzen, und Str\u00f6mung oder Sog erm\u00f6glichen die Ver\u00e4nderung von Widerst\u00e4nden.<\/p>\n\n\n\n<p class=\"has-small-font-size\"><br>Trainiert wird in der Regel nach der <mark style=\"background-color:rgba(0, 0, 0, 0)\" class=\"has-inline-color has-vivid-cyan-blue-color\">SWEAT<\/mark>-Formel:<br><mark style=\"background-color:rgba(0, 0, 0, 0)\" class=\"has-inline-color has-vivid-cyan-blue-color\">Speed and surface (Geschwindigkeit)<\/mark><br><mark style=\"background-color:rgba(0, 0, 0, 0)\" class=\"has-inline-color has-vivid-cyan-blue-color\">Working position (Arbeitsposition)<\/mark><br>Normalposition<br>Rebound<br>schwebende Position<br><mark style=\"background-color:rgba(0, 0, 0, 0)\" class=\"has-inline-color has-vivid-cyan-blue-color\">Enlarge<\/mark> (vergr\u00f6\u00dfern\/verkleinern der Bewegungsamplitude) bei kleinen Bewegungen Geschwindigkeit hochsetzen und bei gro\u00dfen Bewegungen Geschwindigkeit runtersetzen<br><mark style=\"background-color:rgba(0, 0, 0, 0)\" class=\"has-inline-color has-vivid-cyan-blue-color\">A round the body<\/mark> (diagonal, vor\/zur\u00fcck, nach oben\/unten)<br><mark style=\"background-color:rgba(0, 0, 0, 0)\" class=\"has-inline-color has-vivid-cyan-blue-color\">Travelling<\/mark> (sich bewegen, z.B. durch Spielchen)<br><\/p>\n\n\n\n<p class=\"has-small-font-size\">Zus\u00e4tzlich zu den idealen Trainingsbedingungen bietet das Wasser noch einen, nicht zu untersch\u00e4tzenden, sehr positiven Nebeneffekt. Der nat\u00fcrliche Spieltrieb der Menschen wird (wieder) geweckt!<br>Spiele k\u00f6nnen als Herz-Kreislauf-Training sowie als Kraftausdauereinheit oder aber auch als Entspannungs\u00fcbung eingesetzt werden.<br><br>\u00dcberzeug Dich selbst durch ein kostenloses Probetraining. <a href=\"https:\/\/tus-harburg.de\/?page_id=48\">Melde Dich gern bei uns.<\/a><\/p>\n\n\n\n<p class=\"has-small-font-size\"><a href=\"https:\/\/tus-harburg.de\/wp-content\/uploads\/freie_Aquaplaetze.pdf\">Alle freien Aqua Fitnesspl\u00e4tze findest Du hie<\/a><a href=\"https:\/\/tus-harburg.de\/wp-content\/uploads\/2023\/05\/freie_Aquaplaetze.pdf\">r<\/a><\/p>\n\n\n\n<p><\/p>\n\n\n\n<p><\/p>\n","protected":false},"excerpt":{"rendered":"<p>Aqua-Fitness gewinnt immer mehr an Beliebtheit, da es vielf\u00e4ltige Trainingseffekte wie Ausdauer, Kraft, Koordination und Beweglichkeit f\u00f6rdert. Dies liegt an den physikalischen Eigenschaften des Wassers: Auftrieb, Widerstand, hydrostatischer Druck, Sog [&hellip;]<\/p>\n","protected":false},"author":1,"featured_media":0,"parent":0,"menu_order":0,"comment_status":"closed","ping_status":"closed","template":"","meta":{"footnotes":""},"class_list":["post-61","page","type-page","status-publish","hentry"],"jetpack-related-posts":[],"jetpack_sharing_enabled":true,"_links":{"self":[{"href":"https:\/\/tus-harburg.de\/index.php?rest_route=\/wp\/v2\/pages\/61","targetHints":{"allow":["GET"]}}],"collection":[{"href":"https:\/\/tus-harburg.de\/index.php?rest_route=\/wp\/v2\/pages"}],"about":[{"href":"https:\/\/tus-harburg.de\/index.php?rest_route=\/wp\/v2\/types\/page"}],"author":[{"embeddable":true,"href":"https:\/\/tus-harburg.de\/index.php?rest_route=\/wp\/v2\/users\/1"}],"replies":[{"embeddable":true,"href":"https:\/\/tus-harburg.de\/index.php?rest_route=%2Fwp%2Fv2%2Fcomments&post=61"}],"version-history":[{"count":14,"href":"https:\/\/tus-harburg.de\/index.php?rest_route=\/wp\/v2\/pages\/61\/revisions"}],"predecessor-version":[{"id":1706,"href":"https:\/\/tus-harburg.de\/index.php?rest_route=\/wp\/v2\/pages\/61\/revisions\/1706"}],"wp:attachment":[{"href":"https:\/\/tus-harburg.de\/index.php?rest_route=%2Fwp%2Fv2%2Fmedia&parent=61"}],"curies":[{"name":"wp","href":"https:\/\/api.w.org\/{rel}","templated":true}]}}