{"id":63,"date":"2023-04-19T19:31:24","date_gmt":"2023-04-19T17:31:24","guid":{"rendered":"https:\/\/tus-harburg.de\/?page_id=63"},"modified":"2025-08-26T08:04:35","modified_gmt":"2025-08-26T06:04:35","slug":"rehabilitationssport-funktionstraining","status":"publish","type":"page","link":"https:\/\/tus-harburg.de\/?page_id=63","title":{"rendered":"Rehabilitationssport &#038; Funktionstraining"},"content":{"rendered":"\n<p class=\"has-small-font-size\">Bereits wenige Stunden Sport in der Woche st\u00e4rken den K\u00f6rper f\u00fcr den Arbeitsalltag, steigern das Wohlbefinden und bewirken bei Dir eine h\u00f6here Leistungsf\u00e4higkeit und mehr Spa\u00df am Leben.<br>Dieses umfangreiche funktionelle Gruppentraining bietet vor allem Menschen mit Funktions-, Belastungs- und Aktivit\u00e4tseinschr\u00e4nkungen ein abwechslungsreiches Sportangebot unter qualifizierter Anleitung, wobei nat\u00fcrlich auch der Spa\u00df am Sport nicht zu kurz kommt.<br>Hierbei handelt es sich immer um ein spezifisches, medizinisches Fitness- und Gruppentraining. Dieses Training kann, je nach Verordnung, auch als Aqua-Kurs stattfinden.<\/p>\n\n\n\n<p class=\"has-small-font-size\">Dieses Training kann von allen zugelassenen Kassen\u00e4rzten verordnet werden und wird in der Regel von den Krankenkassen auch unb\u00fcrokratisch und z\u00fcgig im verordneten Umfang genehmigt. Den Versicherten wird eine kostenlose Teilnahme an den hierf\u00fcr vorgesehenen Kursangeboten zu nutzen. W\u00e4hrend des Verordnungszeitraumes kann eine verg\u00fcnstigte Mitgliedschaft f\u00fcr das <a href=\"https:\/\/tus-harburg.de\/?page_id=67\">vereinseigene Fitnessstudio<\/a> und\/oder die <a href=\"https:\/\/tus-harburg.de\/?page_id=69\">Gruppenkurse<\/a> (ohne Bewegeungsbad) genutzt werden.<\/p>\n\n\n\n<p class=\"has-small-font-size\"><br>F\u00fcr weitere Fragen und Informationen steht Dir unser gesamtes Team gern auch pers\u00f6nlich, mit Rat und Tat zur Verf\u00fcgung!<br><br><a href=\"https:\/\/tus-harburg.de\/wp-content\/uploads\/2023\/04\/Musterverordnung_mit_Ausfuellhinweisen.pdf\">Hier findest Du eine Musterverordnung mit Ausf\u00fcllhinweisen.<\/a><br><br>Aktuelle Informationen findest Du in unseren\u00a0<a href=\"https:\/\/tus-harburg.de\/wp-content\/uploads\/Flyer_REHA_und_FT.pdf\">Flyer Reha und FT<\/a>.<br><a href=\"https:\/\/tus-harburg.de\/?page_id=48\">Melde Dich gern bei uns<\/a><\/p>\n","protected":false},"excerpt":{"rendered":"<p>Bereits wenige Stunden Sport in der Woche st\u00e4rken den K\u00f6rper f\u00fcr den Arbeitsalltag, steigern das Wohlbefinden und bewirken bei Dir eine h\u00f6here Leistungsf\u00e4higkeit und mehr Spa\u00df am Leben.Dieses umfangreiche funktionelle [&hellip;]<\/p>\n","protected":false},"author":1,"featured_media":0,"parent":0,"menu_order":0,"comment_status":"closed","ping_status":"closed","template":"","meta":{"footnotes":""},"class_list":["post-63","page","type-page","status-publish","hentry"],"jetpack-related-posts":[],"jetpack_sharing_enabled":true,"_links":{"self":[{"href":"https:\/\/tus-harburg.de\/index.php?rest_route=\/wp\/v2\/pages\/63","targetHints":{"allow":["GET"]}}],"collection":[{"href":"https:\/\/tus-harburg.de\/index.php?rest_route=\/wp\/v2\/pages"}],"about":[{"href":"https:\/\/tus-harburg.de\/index.php?rest_route=\/wp\/v2\/types\/page"}],"author":[{"embeddable":true,"href":"https:\/\/tus-harburg.de\/index.php?rest_route=\/wp\/v2\/users\/1"}],"replies":[{"embeddable":true,"href":"https:\/\/tus-harburg.de\/index.php?rest_route=%2Fwp%2Fv2%2Fcomments&post=63"}],"version-history":[{"count":9,"href":"https:\/\/tus-harburg.de\/index.php?rest_route=\/wp\/v2\/pages\/63\/revisions"}],"predecessor-version":[{"id":1708,"href":"https:\/\/tus-harburg.de\/index.php?rest_route=\/wp\/v2\/pages\/63\/revisions\/1708"}],"wp:attachment":[{"href":"https:\/\/tus-harburg.de\/index.php?rest_route=%2Fwp%2Fv2%2Fmedia&parent=63"}],"curies":[{"name":"wp","href":"https:\/\/api.w.org\/{rel}","templated":true}]}}