{"id":71,"date":"2023-04-19T19:03:55","date_gmt":"2023-04-19T17:03:55","guid":{"rendered":"https:\/\/tus-harburg.de\/?page_id=71"},"modified":"2025-09-29T13:18:29","modified_gmt":"2025-09-29T11:18:29","slug":"3-feld-tennishalle-langzeitturnier","status":"publish","type":"page","link":"https:\/\/tus-harburg.de\/?page_id=71","title":{"rendered":"3-Feld Tennishalle &#038; Langzeitturnier"},"content":{"rendered":"\n<p class=\"has-black-color has-text-color\">Unsere gut beleuchtete und vollst\u00e4ndig beheizte 3-Feld Tennishalle ist ganzj\u00e4hrig bespielbar.<br>Sowohl f\u00fcr spontane Einzelspiele oder zum &#8222;\u00fcberwintern&#8220; als Saisonbucher ist unsere Halle, mit ausreichend Parkm\u00f6glichkeiten, das perfekte Ziel f\u00fcr die Freunde des &#8222;gelben Filzballes&#8220;.<\/p>\n\n\n\n<h4 class=\"wp-block-heading\"><strong>Unsere Hallenplatzbelegung findest Du hier:<br><\/strong><a href=\"https:\/\/tusharburg.synology.me:5001\/sharing\/F1WSuwYQu\">Hallenplatz 1\u00a0<\/a><a href=\"https:\/\/tusharburg.synology.me:5001\/sharing\/jm1q3ejeq\"><br>Hallenplatz 2 <\/a>\u00a0\u00a0\u00a0\u00a0\u00a0\u00a0\u00a0\u00a0\u00a0\u00a0\u00a0\u00a0\u00a0\u00a0<br><a href=\"https:\/\/tusharburg.synology.me:5001\/sharing\/lbjNumTRK\">Hallenplatz 3 <\/a><\/h4>\n\n\n\n<h4 class=\"wp-block-heading\"><a href=\"https:\/\/tus-harburg.de\/?page_id=275\">Informationen f\u00fcr Saisonbucher<\/a><br><a href=\"https:\/\/tus-harburg.de\/?page_id=262\">Informationen zum TUS Doppel-Langzeit-Turnier<\/a><\/h4>\n\n\n\n<h4 class=\"wp-block-heading\"><strong>Einzelbuchung<\/strong><\/h4>\n\n\n\n<p>Einzelbuchung nehmen wir \u00fcber unsere Rezeption an:<br>Tel.: 040\/790 166-13<br>E-Mail: info@harburg.de<br>WhatsApp\/Signal\/SMS: 01525\/5344347<\/p>\n","protected":false},"excerpt":{"rendered":"<p>Unsere gut beleuchtete und vollst\u00e4ndig beheizte 3-Feld Tennishalle ist ganzj\u00e4hrig bespielbar.Sowohl f\u00fcr spontane Einzelspiele oder zum &#8222;\u00fcberwintern&#8220; als Saisonbucher ist unsere Halle, mit ausreichend Parkm\u00f6glichkeiten, das perfekte Ziel f\u00fcr die [&hellip;]<\/p>\n","protected":false},"author":1,"featured_media":0,"parent":0,"menu_order":0,"comment_status":"closed","ping_status":"closed","template":"","meta":{"footnotes":""},"class_list":["post-71","page","type-page","status-publish","hentry"],"jetpack-related-posts":[],"jetpack_sharing_enabled":true,"_links":{"self":[{"href":"https:\/\/tus-harburg.de\/index.php?rest_route=\/wp\/v2\/pages\/71","targetHints":{"allow":["GET"]}}],"collection":[{"href":"https:\/\/tus-harburg.de\/index.php?rest_route=\/wp\/v2\/pages"}],"about":[{"href":"https:\/\/tus-harburg.de\/index.php?rest_route=\/wp\/v2\/types\/page"}],"author":[{"embeddable":true,"href":"https:\/\/tus-harburg.de\/index.php?rest_route=\/wp\/v2\/users\/1"}],"replies":[{"embeddable":true,"href":"https:\/\/tus-harburg.de\/index.php?rest_route=%2Fwp%2Fv2%2Fcomments&post=71"}],"version-history":[{"count":22,"href":"https:\/\/tus-harburg.de\/index.php?rest_route=\/wp\/v2\/pages\/71\/revisions"}],"predecessor-version":[{"id":1762,"href":"https:\/\/tus-harburg.de\/index.php?rest_route=\/wp\/v2\/pages\/71\/revisions\/1762"}],"wp:attachment":[{"href":"https:\/\/tus-harburg.de\/index.php?rest_route=%2Fwp%2Fv2%2Fmedia&parent=71"}],"curies":[{"name":"wp","href":"https:\/\/api.w.org\/{rel}","templated":true}]}}