{"id":75,"date":"2023-05-09T13:17:28","date_gmt":"2023-05-09T11:17:28","guid":{"rendered":"https:\/\/tus-harburg.de\/?page_id=75"},"modified":"2023-05-09T15:41:24","modified_gmt":"2023-05-09T13:41:24","slug":"schwimmabteilung","status":"publish","type":"page","link":"https:\/\/tus-harburg.de\/?page_id=75","title":{"rendered":"Schwimmabteilung (Teil der SGS Hamburg)"},"content":{"rendered":"\n<p>Unsere Schwimmabteilung ist in der <a href=\"http:\/\/www.sgshamburg.de\/\">Startgemeinschaft Schwimmen Hamburg<\/a> (zusammen mit dem <a href=\"https:\/\/www.bramfelder-sv.com\/sportangebot-1\/sportarten\/schwimmen\/\">Bramfelder SV<\/a> und Polizei Hamburg) organisiert und  besteht aus einem leistungsorientiertem und einem freizeitorientiertem Trainingsbetrieb. Alle Trainingseinheiten finden in der Inselparkhalle in Wilhlemsburg statt (B\u00e4derland). Bei den leistungsorientierten Schwimmern ist eine Trainingsteilnahme am Olympiast\u00fctzpunkt Hamburg Dulsberg (OSP) m\u00f6glich.<\/p>\n\n\n\n<h2 class=\"wp-block-heading\" style=\"font-size:30px\">Gruppenstruktur, Voraussetzungen und Ziele:<\/h2>\n\n\n\n<figure class=\"wp-block-image size-full\"><img data-recalc-dims=\"1\" loading=\"lazy\" decoding=\"async\" width=\"768\" height=\"122\" src=\"https:\/\/i0.wp.com\/tus-harburg.de\/wp-content\/uploads\/2023\/05\/Struktur_Schwimmabteilung-1.png?resize=768%2C122&#038;ssl=1\" alt=\"\" class=\"wp-image-508\" srcset=\"https:\/\/i0.wp.com\/tus-harburg.de\/wp-content\/uploads\/2023\/05\/Struktur_Schwimmabteilung-1.png?w=947&amp;ssl=1 947w, https:\/\/i0.wp.com\/tus-harburg.de\/wp-content\/uploads\/2023\/05\/Struktur_Schwimmabteilung-1.png?resize=300%2C48&amp;ssl=1 300w, https:\/\/i0.wp.com\/tus-harburg.de\/wp-content\/uploads\/2023\/05\/Struktur_Schwimmabteilung-1.png?resize=768%2C122&amp;ssl=1 768w\" sizes=\"auto, (max-width: 768px) 100vw, 768px\" \/><\/figure>\n\n\n\n<h2 class=\"wp-block-heading\" style=\"font-size:26px\">Nachwuchsschwimmgruppe 0 (NWO)<\/h2>\n\n\n\n<p>Grunds\u00e4tzlich f\u00e4ngt jedes Kind, nach dem Erlangen des Bronzeabzeichens, in der Nachwunchsgruppe Null (NW0) an. Hierbei liegt der Schwerpunkt beim \u00dcbergang zwischen dem Lehrschwimmbecken bzw. dem Schwimmkursbetrieb in den &#8222;Trainingsbetrieb&#8220; auf einer 25 m Bahn und es werden die Grundlagen f\u00fcr eine potenzielle Schwimmerkarriere gelegt.<\/p>\n\n\n\n<h2 class=\"wp-block-heading\" style=\"font-size:26px\">Trainingsgruppe 1 (TG1)<\/h2>\n\n\n\n<p>Die TG1 ist eine leistungsorientierte Wettkampfgruppe und baut auf den Grundlagen der NW0 auf. <br><strong>Voraussetzungen:<\/strong> Regelm\u00e4\u00dfige Teilnahme an zwei Trainingseiheiten in der Woche <br><strong>Ziel:<\/strong> Teilnahme an mindestens zwei Wettk\u00e4mpfen pro Jahr.<br><strong>Trainingszeiten:<\/strong> Mi: 16:15 Uhr bis 17:45 Uhr und Fr. 17:00 Uhr bis 18:30 Uhr<\/p>\n\n\n\n<h2 class=\"wp-block-heading\" style=\"font-size:26px\">Trainingsgruppe 2 (TG2)<\/h2>\n\n\n\n<p>Die TG2 ist eine leistungsorientierte Wettkampfgruppe und baut auf der TG1 auf. <br><strong>Voraussetzungen:<\/strong> Mindestens 65 % Trainingsbeteiligung und technische Grundlagen in den Schwimmarten Kraul, Brust und R\u00fccken sowie Ans\u00e4tze von Delfin und Rollwenden. <br><strong>Ziel:<\/strong> Teilnahme an Pflichtwettk\u00e4mpfen wie z. B. DMS-J, DMS, Hamburger Meisterschaften und allen Wettk\u00e4mpfen, die von der SGS Hamburg selbst organisiert werden. Bereitschaft zur Teilnahme an Trainingswochenenden\/Trainingslagern<br><strong>Trainingszeiten:<\/strong> Di. 17:10 Uhr bis 18:30 Uhr, Mi. 16:25 Uhr bis 18:00 Uhr und Fr. 16:10 Uhr bis 17:30 Uhr. <br>Bei den Trainingszeiten ist jeweils ein ca. 20-min\u00fctiges &#8222;Landtraining&#8220; vorangestellt.<\/p>\n\n\n\n<h2 class=\"wp-block-heading\" style=\"font-size:26px\">Trainingsgruppe 3 (TG3)<\/h2>\n\n\n\n<p>Die TG3 ist eine leistungsorientierte Wettkampfgruppe und baut auf der TG2 auf. <br><strong>Voraussetzungen:<\/strong> Mindestens 70 % Trainingsbeteiligung und das Beherschen aller Schwimmtechniken, Starts und Wenden. Erf\u00fcllung der Qualifikationszeiten f\u00fcr die Hamburger Meisterschaften. <br><strong>Ziel:<\/strong> Teilnahme an Pflichtwettk\u00e4mpfen wie z. B. DMS-J, DMS, Hamburger Meisterschaften und allen Wettk\u00e4mpfen, die von der SGS Hamburg selbst organisiert werden. Bereitschaft zur Teilnahme an Trainingswochenenden\/Trainingslagern<br><strong>Trainingszeiten:<\/strong> Mo. 16:30 Uhr bis 18:30 Uhr, Mi. 17:15 Uhr bis 19:00 Uhr und Fr. 17:00 Uhr bis 18:30 Uhr<br>Bei den Trainingszeiten ist jeweils ein 30-min\u00fctiges &#8222;Landtraining&#8220; vorangestellt.<\/p>\n\n\n\n<h2 class=\"wp-block-heading\" style=\"font-size:26px\">Trainingsgruppe 4 (TG4)<\/h2>\n\n\n\n<p>Die TG4 ist eine leistungsorientierte Wettkampfgruppe. F\u00fcr die TG 3 zu &#8222;alt&#8220;, aber noch nicht reif f\u00fcr die Masters<br><strong>Voraussetzungen:<\/strong> Mindestens 50 % Trainingsbeteiligung (auf Grund des Alters der Jugendlichen und der fr\u00fchen Trainingszeiten) <br><strong>Ziel:<\/strong> Teilnahme an Pflichtwettk\u00e4mpfen wie z. B. DMS-J, DMS, Hamburger Meisterschaften und allen Wettk\u00e4mpfen, die von der SGS Hamburg selbst organisiert werden. Bereitschaft zur Teilnahme an Trainingswochenenden\/Trainingslagern<br><strong>Trainingszeiten:<\/strong> Di. 20:00 Uhr bis 21:30 Uhr (OSP nach Absprache), Mi. 17:15 Uhr bis 19:00 Uhr und Do. 17:45 Uhr bis 19:00 Uhr. <br>Am Mittwoch ist ein 30-min\u00fctiges &#8222;Landtraining&#8220; vorangestellt.<\/p>\n\n\n\n<h2 class=\"wp-block-heading\" style=\"font-size:26px\">Masters (18+)<\/h2>\n\n\n\n<p>Die &#8222;Masters&#8220; sind die erwachsenen Schwimmer, die aber auch leistungsorientiert trainieren. <br><strong>Voraussetzungen:<\/strong> Beherschen Kraul, Brust und R\u00fccken in ganzer Lage. Mindestens <br><strong>Ziel:<\/strong> Spa\u00df haben und bei regelm\u00e4\u00dfiger Teilnahme besteht die Wettkampfm\u00f6glichkeit. <br><strong>Trainingszeiten:<\/strong> Di. 20:00 Uhr bis 21:30 Uhr (OSP nach Absprache), Mi. 17:15 Uhr bis 19:00 Uhr und Do. 17:45 Uhr bis 19:00 Uhr. <br>Am Mittwoch ist ein 30-min\u00fctiges &#8222;Landtraining&#8220; vorangestellt.<\/p>\n\n\n\n<h2 class=\"wp-block-heading\" style=\"font-size:26px\">Freizeitgruppe 1 (FG1)<\/h2>\n\n\n\n<p>Die FG1 ist eine der zwei Freizeitgruppen und besteht aus den j\u00fcngeren Kindern, die nicht am leistungsorientiertem Training teilnehmen k\u00f6nnen oder wollen. <br><strong>Voraussetzungen:<\/strong> Mindestens das Bronzeabzeichen und sicheres Schwimmen in Bauch und R\u00fcckenlage.<br><strong>Ziel:<\/strong> Spa\u00df im Wasser und durch das eigene K\u00f6nnen verbessern. <br><strong>Trainingszeiten:<\/strong> Di. 16:30 Uhr bis 17:30 Uhr<\/p>\n\n\n\n<h2 class=\"wp-block-heading\" style=\"font-size:26px\">Freizeitgruppe 2 (FG2)<\/h2>\n\n\n\n<p>Die FG2 ist ebenfalls eine reizeitgruppen, besteht aber aus \u00e4lteren Kindern, die nicht am leistungsorientiertem Training teilnehmen k\u00f6nnen oder wollen. <br><strong>Voraussetzungen:<\/strong> Mindestens das Bronzeabzeichen und beherschst mindestens 2 Lagen in den Grundz\u00fcgen.<br><strong>Ziel:<\/strong> Spa\u00df im Wasser, regelm\u00e4\u00dfige Trainingsteilnahme und das verbessern des eigenen K\u00f6nnens. <br><strong>Trainingszeiten:<\/strong> Di. 17:30 Uhr bis 18:30 Uhr<\/p>\n\n\n\n<p>Bei Interesse wendet Euch gern an schwimmabteilung@tus-harburg.de oder per Telefon an 040\/790 166 13 bzw. WhatsApp\/Signal\/SMS an 01525\/5344347<br><\/p>\n","protected":false},"excerpt":{"rendered":"<p>Unsere Schwimmabteilung ist in der Startgemeinschaft Schwimmen Hamburg (zusammen mit dem Bramfelder SV und Polizei Hamburg) organisiert und besteht aus einem leistungsorientiertem und einem freizeitorientiertem Trainingsbetrieb. Alle Trainingseinheiten finden in [&hellip;]<\/p>\n","protected":false},"author":1,"featured_media":0,"parent":0,"menu_order":0,"comment_status":"closed","ping_status":"closed","template":"","meta":{"footnotes":""},"class_list":["post-75","page","type-page","status-publish","hentry"],"jetpack-related-posts":[],"jetpack_sharing_enabled":true,"_links":{"self":[{"href":"https:\/\/tus-harburg.de\/index.php?rest_route=\/wp\/v2\/pages\/75","targetHints":{"allow":["GET"]}}],"collection":[{"href":"https:\/\/tus-harburg.de\/index.php?rest_route=\/wp\/v2\/pages"}],"about":[{"href":"https:\/\/tus-harburg.de\/index.php?rest_route=\/wp\/v2\/types\/page"}],"author":[{"embeddable":true,"href":"https:\/\/tus-harburg.de\/index.php?rest_route=\/wp\/v2\/users\/1"}],"replies":[{"embeddable":true,"href":"https:\/\/tus-harburg.de\/index.php?rest_route=%2Fwp%2Fv2%2Fcomments&post=75"}],"version-history":[{"count":19,"href":"https:\/\/tus-harburg.de\/index.php?rest_route=\/wp\/v2\/pages\/75\/revisions"}],"predecessor-version":[{"id":524,"href":"https:\/\/tus-harburg.de\/index.php?rest_route=\/wp\/v2\/pages\/75\/revisions\/524"}],"wp:attachment":[{"href":"https:\/\/tus-harburg.de\/index.php?rest_route=%2Fwp%2Fv2%2Fmedia&parent=75"}],"curies":[{"name":"wp","href":"https:\/\/api.w.org\/{rel}","templated":true}]}}