{"id":83,"date":"2023-04-25T16:55:30","date_gmt":"2023-04-25T14:55:30","guid":{"rendered":"https:\/\/tus-harburg.de\/?page_id=83"},"modified":"2025-04-23T11:47:13","modified_gmt":"2025-04-23T09:47:13","slug":"gastronomie-freistil","status":"publish","type":"page","link":"https:\/\/tus-harburg.de\/?page_id=83","title":{"rendered":"Gastronomie Freistil"},"content":{"rendered":"\n<p>Unser Restaurant Freistil l\u00e4d zum kleinem Hei\u00df &#8211; oder Kaltgetr\u00e4nk nach dem Sport ein. <br>Allerdings ist auch eine Zusammenkunft vor dem Sport oder &#8222;nur so&#8220; m\u00f6glich. <br><a href=\"https:\/\/tus-harburg.de\/wp-content\/uploads\/Sommerkarte.pdf\">Die Getr\u00e4nkkarte findest Du hier.<\/a><\/p>\n","protected":false},"excerpt":{"rendered":"<p>Unser Restaurant Freistil l\u00e4d zum kleinem Hei\u00df &#8211; oder Kaltgetr\u00e4nk nach dem Sport ein. Allerdings ist auch eine Zusammenkunft vor dem Sport oder &#8222;nur so&#8220; m\u00f6glich. Die Getr\u00e4nkkarte findest Du [&hellip;]<\/p>\n","protected":false},"author":1,"featured_media":0,"parent":0,"menu_order":0,"comment_status":"closed","ping_status":"closed","template":"","meta":{"footnotes":""},"class_list":["post-83","page","type-page","status-publish","hentry"],"jetpack-related-posts":[],"jetpack_sharing_enabled":true,"_links":{"self":[{"href":"https:\/\/tus-harburg.de\/index.php?rest_route=\/wp\/v2\/pages\/83","targetHints":{"allow":["GET"]}}],"collection":[{"href":"https:\/\/tus-harburg.de\/index.php?rest_route=\/wp\/v2\/pages"}],"about":[{"href":"https:\/\/tus-harburg.de\/index.php?rest_route=\/wp\/v2\/types\/page"}],"author":[{"embeddable":true,"href":"https:\/\/tus-harburg.de\/index.php?rest_route=\/wp\/v2\/users\/1"}],"replies":[{"embeddable":true,"href":"https:\/\/tus-harburg.de\/index.php?rest_route=%2Fwp%2Fv2%2Fcomments&post=83"}],"version-history":[{"count":5,"href":"https:\/\/tus-harburg.de\/index.php?rest_route=\/wp\/v2\/pages\/83\/revisions"}],"predecessor-version":[{"id":1610,"href":"https:\/\/tus-harburg.de\/index.php?rest_route=\/wp\/v2\/pages\/83\/revisions\/1610"}],"wp:attachment":[{"href":"https:\/\/tus-harburg.de\/index.php?rest_route=%2Fwp%2Fv2%2Fmedia&parent=83"}],"curies":[{"name":"wp","href":"https:\/\/api.w.org\/{rel}","templated":true}]}}